{"id":26,"date":"2025-08-07T11:59:30","date_gmt":"2025-08-07T11:59:30","guid":{"rendered":"https:\/\/trustidata.fr\/?page_id=26"},"modified":"2025-08-07T12:56:35","modified_gmt":"2025-08-07T12:56:35","slug":"accueil","status":"publish","type":"page","link":"https:\/\/trustidata.fr\/","title":{"rendered":"accueil"},"content":{"rendered":"\t\t<div data-elementor-type=\"wp-page\" data-elementor-id=\"26\" class=\"elementor elementor-26\">\n\t\t\t\t<div class=\"elementor-element elementor-element-ec1fa0e e-flex e-con-boxed e-con e-parent\" data-id=\"ec1fa0e\" data-element_type=\"container\">\n\t\t\t\t\t<div class=\"e-con-inner\">\n\t\t\t\t<div class=\"elementor-element elementor-element-9b05770 elementor-widget elementor-widget-text-editor\" data-id=\"9b05770\" data-element_type=\"widget\" data-widget_type=\"text-editor.default\">\n\t\t\t\t\t\t\t\t\tTrustiData est un cabinet ind\u00e9pendant sp\u00e9cialis\u00e9 en conformit\u00e9 RGPD, externalisation de DPO, audits et formations \u00e0 la protection des donn\u00e9es.\n\nNotre mission : vous accompagner dans la mise en conformit\u00e9 avec la r\u00e9glementation, en alliant expertise, clart\u00e9 et p\u00e9dagogie.\n\nBas\u00e9s dans le Sud de la France, nous intervenons partout en France, en pr\u00e9sentiel ou \u00e0 distance.\t\t\t\t\t\t\t\t<\/div>\n\t\t\t\t\t<\/div>\n\t\t\t\t<\/div>\n\t\t\t\t<section class=\"elementor-section elementor-top-section elementor-element elementor-element-63f5cfda elementor-section-boxed elementor-section-height-default elementor-section-height-default\" data-id=\"63f5cfda\" data-element_type=\"section\">\n\t\t\t\t\t\t<div class=\"elementor-container elementor-column-gap-default\">\n\t\t\t\t\t<div class=\"elementor-column elementor-col-100 elementor-top-column elementor-element elementor-element-585fc5d2\" data-id=\"585fc5d2\" data-element_type=\"column\">\n\t\t\t<div class=\"elementor-widget-wrap elementor-element-populated\">\n\t\t\t\t\t\t<div class=\"elementor-element elementor-element-8d3da9a elementor-align-center elementor-widget elementor-widget-button\" data-id=\"8d3da9a\" data-element_type=\"widget\" data-widget_type=\"button.default\">\n\t\t\t\t\t\t\t\t\t\t<a class=\"elementor-button elementor-button-link elementor-size-sm\" href=\"mailto:contact@trustidata.fr\">\n\t\t\t\t\t\t<span class=\"elementor-button-content-wrapper\">\n\t\t\t\t\t\t\t\t\t<span class=\"elementor-button-text\">\ud83d\udce9 Me contacter<\/span>\n\t\t\t\t\t<\/span>\n\t\t\t\t\t<\/a>\n\t\t\t\t\t\t\t\t<\/div>\n\t\t\t\t<div class=\"elementor-element elementor-element-61f855d4 elementor-widget elementor-widget-heading\" data-id=\"61f855d4\" data-element_type=\"widget\" data-widget_type=\"heading.default\">\n\t\t\t\t\t<h2 class=\"elementor-heading-title elementor-size-lg\">Pourquoi faire confiance \u00e0 TrustiData ?<\/h2>\t\t\t\t<\/div>\n\t\t\t\t<div class=\"elementor-element elementor-element-8d5f18b elementor-widget elementor-widget-text-editor\" data-id=\"8d5f18b\" data-element_type=\"widget\" data-widget_type=\"text-editor.default\">\n\t\t\t\t\t\t\t\t\t<ul>\n  <li>\u2705 <strong>Expertise RGPD 100 % d\u00e9di\u00e9e :<\/strong> nous ne faisons que \u00e7a, et nous le faisons bien.<\/li>\n  <li>\u2705 <strong>Interlocuteur unique :<\/strong> un accompagnement humain, personnalis\u00e9, sans jargon.<\/li>\n  <li>\u2705 <strong>Exp\u00e9rience terrain :<\/strong> interventions concr\u00e8tes aupr\u00e8s de TPE, PME, professions lib\u00e9rales et collectivit\u00e9s.<\/li>\n  <li>\u2705 <strong>R\u00e9activit\u00e9 et p\u00e9dagogie :<\/strong> on vous r\u00e9pond vite, et on vous explique tout simplement.<\/li>\n<\/ul>\t\t\t\t\t\t\t\t<\/div>\n\t\t\t\t\t<\/div>\n\t\t<\/div>\n\t\t\t\t\t<\/div>\n\t\t<\/section>\n\t\t<div class=\"elementor-element elementor-element-6a27cd4 e-flex e-con-boxed e-con e-parent\" data-id=\"6a27cd4\" data-element_type=\"container\">\n\t\t\t\t\t<div class=\"e-con-inner\">\n\t\t\t\t<div class=\"elementor-element elementor-element-21a52f5 elementor-widget elementor-widget-heading\" data-id=\"21a52f5\" data-element_type=\"widget\" data-widget_type=\"heading.default\">\n\t\t\t\t\t<h2 class=\"elementor-heading-title elementor-size-default\">Nos prestations<\/h2>\t\t\t\t<\/div>\n\t\t\t\t<div class=\"elementor-element elementor-element-266daf5 elementor-widget elementor-widget-text-editor\" data-id=\"266daf5\" data-element_type=\"widget\" data-widget_type=\"text-editor.default\">\n\t\t\t\t\t\t\t\t\t<p><strong>\ud83d\udd0d Audit RGPD :<\/strong> Analyse compl\u00e8te de votre conformit\u00e9 actuelle, rapport d\u2019\u00e9carts, recommandations concr\u00e8tes et plan d\u2019actions.<\/p>\n<p><strong>\ud83d\udccb DPO externalis\u00e9 :<\/strong> Nous assurons pour vous les missions du D\u00e9l\u00e9gu\u00e9 \u00e0 la Protection des Donn\u00e9es : registres, analyses d\u2019impact, gestion des demandes, suivi, veille, conseil.<\/p>\n<p><strong>\ud83d\udee1\ufe0f Sensibilisation \u00e0 la cybers\u00e9curit\u00e9 :<\/strong> Mieux vaut pr\u00e9venir que gu\u00e9rir. Nous vous aidons \u00e0 mettre en place des r\u00e9flexes simples pour limiter les risques num\u00e9riques.<\/p>\n<p><strong>\ud83c\udf93 Formations RGPD :<\/strong> Modules p\u00e9dagogiques pour dirigeants, \u00e9quipes RH, DSI ou tout public, en pr\u00e9sentiel ou \u00e0 distance.<\/p>\t\t\t\t\t\t\t\t<\/div>\n\t\t\t\t\t<\/div>\n\t\t\t\t<\/div>\n\t\t\t\t<\/div>\n\t\t","protected":false},"excerpt":{"rendered":"<p>TrustiData est un cabinet ind\u00e9pendant sp\u00e9cialis\u00e9 en conformit\u00e9 RGPD, externalisation de DPO, audits et formations \u00e0 la protection des donn\u00e9es. [&hellip;]<\/p>\n","protected":false},"author":1,"featured_media":0,"parent":0,"menu_order":0,"comment_status":"closed","ping_status":"closed","template":"","meta":{"site-sidebar-layout":"default","site-content-layout":"","ast-site-content-layout":"default","site-content-style":"default","site-sidebar-style":"default","ast-global-header-display":"","ast-banner-title-visibility":"","ast-main-header-display":"","ast-hfb-above-header-display":"","ast-hfb-below-header-display":"","ast-hfb-mobile-header-display":"","site-post-title":"disabled","ast-breadcrumbs-content":"","ast-featured-img":"","footer-sml-layout":"","theme-transparent-header-meta":"","adv-header-id-meta":"","stick-header-meta":"","header-above-stick-meta":"","header-main-stick-meta":"","header-below-stick-meta":"","astra-migrate-meta-layouts":"default","ast-page-background-enabled":"default","ast-page-background-meta":{"desktop":{"background-color":"var(--ast-global-color-5)","background-image":"","background-repeat":"repeat","background-position":"center center","background-size":"auto","background-attachment":"scroll","background-type":"","background-media":"","overlay-type":"","overlay-color":"","overlay-opacity":"","overlay-gradient":""},"tablet":{"background-color":"","background-image":"","background-repeat":"repeat","background-position":"center center","background-size":"auto","background-attachment":"scroll","background-type":"","background-media":"","overlay-type":"","overlay-color":"","overlay-opacity":"","overlay-gradient":""},"mobile":{"background-color":"","background-image":"","background-repeat":"repeat","background-position":"center center","background-size":"auto","background-attachment":"scroll","background-type":"","background-media":"","overlay-type":"","overlay-color":"","overlay-opacity":"","overlay-gradient":""}},"ast-content-background-meta":{"desktop":{"background-color":"var(--ast-global-color-4)","background-image":"","background-repeat":"repeat","background-position":"center center","background-size":"auto","background-attachment":"scroll","background-type":"","background-media":"","overlay-type":"","overlay-color":"","overlay-opacity":"","overlay-gradient":""},"tablet":{"background-color":"var(--ast-global-color-4)","background-image":"","background-repeat":"repeat","background-position":"center center","background-size":"auto","background-attachment":"scroll","background-type":"","background-media":"","overlay-type":"","overlay-color":"","overlay-opacity":"","overlay-gradient":""},"mobile":{"background-color":"var(--ast-global-color-4)","background-image":"","background-repeat":"repeat","background-position":"center center","background-size":"auto","background-attachment":"scroll","background-type":"","background-media":"","overlay-type":"","overlay-color":"","overlay-opacity":"","overlay-gradient":""}},"footnotes":""},"class_list":["post-26","page","type-page","status-publish","hentry"],"_links":{"self":[{"href":"https:\/\/trustidata.fr\/index.php\/wp-json\/wp\/v2\/pages\/26","targetHints":{"allow":["GET"]}}],"collection":[{"href":"https:\/\/trustidata.fr\/index.php\/wp-json\/wp\/v2\/pages"}],"about":[{"href":"https:\/\/trustidata.fr\/index.php\/wp-json\/wp\/v2\/types\/page"}],"author":[{"embeddable":true,"href":"https:\/\/trustidata.fr\/index.php\/wp-json\/wp\/v2\/users\/1"}],"replies":[{"embeddable":true,"href":"https:\/\/trustidata.fr\/index.php\/wp-json\/wp\/v2\/comments?post=26"}],"version-history":[{"count":15,"href":"https:\/\/trustidata.fr\/index.php\/wp-json\/wp\/v2\/pages\/26\/revisions"}],"predecessor-version":[{"id":54,"href":"https:\/\/trustidata.fr\/index.php\/wp-json\/wp\/v2\/pages\/26\/revisions\/54"}],"wp:attachment":[{"href":"https:\/\/trustidata.fr\/index.php\/wp-json\/wp\/v2\/media?parent=26"}],"curies":[{"name":"wp","href":"https:\/\/api.w.org\/{rel}","templated":true}]}}